{"id":14,"date":"2024-09-27T22:18:50","date_gmt":"2024-09-27T20:18:50","guid":{"rendered":"https:\/\/gramywpolski.com\/?page_id=14"},"modified":"2024-09-27T22:18:50","modified_gmt":"2024-09-27T20:18:50","slug":"moje-konto","status":"publish","type":"page","link":"https:\/\/gramywpolski.com\/?page_id=14","title":{"rendered":"Moje konto"},"content":{"rendered":"<div class=\"woocommerce\"><div class=\"woocommerce-notices-wrapper\"><\/div>\n\n<div class=\"u-columns col2-set\" id=\"customer_login\">\n\n\t<div class=\"u-column1 col-1\">\n\n\n\t\t<h2>Logowanie<\/h2>\n\n\t\t<form class=\"woocommerce-form woocommerce-form-login login\" method=\"post\" novalidate>\n\n\t\t\t\n\t\t\t<p class=\"woocommerce-form-row woocommerce-form-row--wide form-row form-row-wide\">\n\t\t\t\t<label for=\"username\">Nazwa u\u017cytkownika lub adres e-mail&nbsp;<span class=\"required\" aria-hidden=\"true\">*<\/span><span class=\"screen-reader-text\">Wymagane<\/span><\/label>\n\t\t\t\t<input type=\"text\" class=\"woocommerce-Input woocommerce-Input--text input-text\" name=\"username\" id=\"username\" autocomplete=\"username\" value=\"\" required aria-required=\"true\" \/>\t\t\t<\/p>\n\t\t\t<p class=\"woocommerce-form-row woocommerce-form-row--wide form-row form-row-wide\">\n\t\t\t\t<label for=\"password\">Has\u0142o&nbsp;<span class=\"required\" aria-hidden=\"true\">*<\/span><span class=\"screen-reader-text\">Wymagane<\/span><\/label>\n\t\t\t\t<input class=\"woocommerce-Input woocommerce-Input--text input-text\" type=\"password\" name=\"password\" id=\"password\" autocomplete=\"current-password\" required aria-required=\"true\" \/>\n\t\t\t<\/p>\n\n\t\t\t\n\t\t\t<p class=\"form-row\">\n\t\t\t\t<label class=\"woocommerce-form__label woocommerce-form__label-for-checkbox woocommerce-form-login__rememberme\">\n\t\t\t\t\t<input class=\"woocommerce-form__input woocommerce-form__input-checkbox\" name=\"rememberme\" type=\"checkbox\" id=\"rememberme\" value=\"forever\" \/> <span>Zapami\u0119taj mnie<\/span>\n\t\t\t\t<\/label>\n\t\t\t\t<input type=\"hidden\" id=\"woocommerce-login-nonce\" name=\"woocommerce-login-nonce\" value=\"2c4551584b\" \/><input type=\"hidden\" name=\"_wp_http_referer\" value=\"\/index.php?rest_route=%2Fwp%2Fv2%2Fpages%2F14\" \/>\t\t\t\t<button type=\"submit\" class=\"woocommerce-button button woocommerce-form-login__submit\" name=\"login\" value=\"Zaloguj si\u0119\">Zaloguj si\u0119<\/button>\n\t\t\t<\/p>\n\t\t\t<p class=\"woocommerce-LostPassword lost_password\">\n\t\t\t\t<a href=\"https:\/\/gramywpolski.com\/?page_id=14&#038;lost-password\">Nie pami\u0119tasz has\u0142a?<\/a>\n\t\t\t<\/p>\n\n\t\t\t\n\t\t<\/form>\n\n\n\t<\/div>\n\n\t<div class=\"u-column2 col-2\">\n\n\t\t<h2>Zarejestruj si\u0119<\/h2>\n\n\t\t<form method=\"post\" class=\"woocommerce-form woocommerce-form-register register\"  >\n\n\t\t\t\n\t\t\t\n\t\t\t<p class=\"woocommerce-form-row woocommerce-form-row--wide form-row form-row-wide\">\n\t\t\t\t<label for=\"reg_email\">Adres e-mail&nbsp;<span class=\"required\" aria-hidden=\"true\">*<\/span><span class=\"screen-reader-text\">Wymagane<\/span><\/label>\n\t\t\t\t<input type=\"email\" class=\"woocommerce-Input woocommerce-Input--text input-text\" name=\"email\" id=\"reg_email\" autocomplete=\"email\" value=\"\" required aria-required=\"true\" \/>\t\t\t<\/p>\n\n\t\t\t\n\t\t\t\t<p class=\"woocommerce-form-row woocommerce-form-row--wide form-row form-row-wide\">\n\t\t\t\t\t<label for=\"reg_password\">Has\u0142o&nbsp;<span class=\"required\" aria-hidden=\"true\">*<\/span><span class=\"screen-reader-text\">Wymagane<\/span><\/label>\n\t\t\t\t\t<input type=\"password\" class=\"woocommerce-Input woocommerce-Input--text input-text\" name=\"password\" id=\"reg_password\" autocomplete=\"new-password\" required aria-required=\"true\" \/>\n\t\t\t\t<\/p>\n\n\t\t\t\n\t\t\t\r\n\t\t\t<script>\r\n\t\t\tif ( typeof huOptions !== 'undefined' ) {\r\n\t\t\t\tvar huFormData = {\"source\":\"woocommerce\",\"id\":\"wc_registration_form\",\"title\":\"Formularz rejestracji\",\"fields\":{\"subject\":{\"email\":\"email\"},\"preferences\":[]},\"preferences\":{\"privacy\":true}};\r\n\t\t\t\tvar huFormNode = document.querySelector( '.woocommerce-form-register' );\r\n\r\n\t\t\t\thuFormData['node'] = huFormNode;\r\n\t\t\t\thuOptions['forms'].push( huFormData );\r\n\t\t\t}\r\n\t\t\t<\/script><wc-order-attribution-inputs><\/wc-order-attribution-inputs><div class=\"woocommerce-privacy-policy-text\"><p>Twoje dane osobowe zostan\u0105 u\u017cyte do obs\u0142ugi twojej wizyty na naszej stronie, zarz\u0105dzania dost\u0119pem do twojego konta i dla innych cel\u00f3w o kt\u00f3rych m\u00f3wi nasza <a href=\"https:\/\/gramywpolski.com\/?page_id=3\" class=\"woocommerce-privacy-policy-link\" target=\"_blank\">polityka prywatno\u015bci<\/a>.<\/p>\n<\/div>\n\t\t\t<p class=\"woocommerce-form-row form-row\">\n\t\t\t\t<input type=\"hidden\" id=\"woocommerce-register-nonce\" name=\"woocommerce-register-nonce\" value=\"ddf39dc081\" \/><input type=\"hidden\" name=\"_wp_http_referer\" value=\"\/index.php?rest_route=%2Fwp%2Fv2%2Fpages%2F14\" \/>\t\t\t\t<button type=\"submit\" class=\"woocommerce-Button woocommerce-button button woocommerce-form-register__submit\" name=\"register\" value=\"Zarejestruj si\u0119\">Zarejestruj si\u0119<\/button>\n\t\t\t<\/p>\n\n\t\t\t\n\t\t<\/form>\n\n\t<\/div>\n\n<\/div>\n\n<\/div>\n","protected":false},"excerpt":{"rendered":"","protected":false},"author":1,"featured_media":0,"parent":0,"menu_order":0,"comment_status":"closed","ping_status":"closed","template":"","meta":{"footnotes":""},"class_list":["post-14","page","type-page","status-publish","hentry"],"jetpack_sharing_enabled":true,"post-meta":{"_edit_lock":["1741796997:1"],"_g_feedback_shortcode_b9a7885849647da882b61895bfda0d8307a9172e":["\n\t\t\t\t[contact-field label=\"Name\" type=\"name\"  required=\"true\" \/]\n\t\t\t\t[contact-field label=\"Email\" type=\"email\" required=\"true\" \/]\n\t\t\t\t[contact-field label=\"Website\" type=\"url\" \/]\n\t\t\t\t[contact-field label=\"Message\" type=\"textarea\" \/]"],"_g_feedback_shortcode_atts_b9a7885849647da882b61895bfda0d8307a9172e":["a:17:{s:2:\"to\";s:22:\"gramywpolski@gmail.com\";s:7:\"subject\";s:27:\"[gramy w polski] Moje konto\";s:12:\"show_subject\";s:2:\"no\";s:6:\"widget\";i:0;s:14:\"block_template\";N;s:19:\"block_template_part\";N;s:2:\"id\";i:14;s:18:\"submit_button_text\";s:6:\"Submit\";s:14:\"customThankyou\";s:0:\"\";s:21:\"customThankyouHeading\";s:26:\"Your message has been sent\";s:21:\"customThankyouMessage\";s:30:\"Thank you for your submission!\";s:22:\"customThankyouRedirect\";s:0:\"\";s:10:\"jetpackCRM\";b:1;s:9:\"className\";N;s:9:\"postToUrl\";N;s:14:\"salesforceData\";N;s:12:\"hiddenFields\";N;}"],"_eael_post_view_count":["361"]},"_links":{"self":[{"href":"https:\/\/gramywpolski.com\/index.php?rest_route=\/wp\/v2\/pages\/14","targetHints":{"allow":["GET"]}}],"collection":[{"href":"https:\/\/gramywpolski.com\/index.php?rest_route=\/wp\/v2\/pages"}],"about":[{"href":"https:\/\/gramywpolski.com\/index.php?rest_route=\/wp\/v2\/types\/page"}],"author":[{"embeddable":true,"href":"https:\/\/gramywpolski.com\/index.php?rest_route=\/wp\/v2\/users\/1"}],"replies":[{"embeddable":true,"href":"https:\/\/gramywpolski.com\/index.php?rest_route=%2Fwp%2Fv2%2Fcomments&post=14"}],"version-history":[{"count":0,"href":"https:\/\/gramywpolski.com\/index.php?rest_route=\/wp\/v2\/pages\/14\/revisions"}],"wp:attachment":[{"href":"https:\/\/gramywpolski.com\/index.php?rest_route=%2Fwp%2Fv2%2Fmedia&parent=14"}],"curies":[{"name":"wp","href":"https:\/\/api.w.org\/{rel}","templated":true}]}}