{"id":201,"date":"2018-10-23T07:33:09","date_gmt":"2018-10-23T07:33:09","guid":{"rendered":"https:\/\/woostify.com\/demos\/fashion1\/?page_id=201"},"modified":"2025-02-20T20:04:40","modified_gmt":"2025-02-20T19:04:40","slug":"contact","status":"publish","type":"page","link":"https:\/\/gramywpolski.com\/?page_id=201","title":{"rendered":"Contact"},"content":{"rendered":"\t\t<div data-elementor-type=\"wp-post\" data-elementor-id=\"201\" class=\"elementor elementor-201\">\n\t\t\t\t<div class=\"elementor-element elementor-element-e1bfea3 e-flex e-con-boxed e-con e-parent\" data-id=\"e1bfea3\" data-element_type=\"container\">\n\t\t\t\t\t<div class=\"e-con-inner\">\n\t\t<div class=\"elementor-element elementor-element-56d963d e-con-full e-flex e-con e-child\" data-id=\"56d963d\" data-element_type=\"container\">\n\t\t\t\t<div class=\"elementor-element elementor-element-11d3214 elementor-widget elementor-widget-spacer\" data-id=\"11d3214\" data-element_type=\"widget\" data-widget_type=\"spacer.default\">\n\t\t\t\t<div class=\"elementor-widget-container\">\n\t\t\t\t\t\t\t<div class=\"elementor-spacer\">\n\t\t\t<div class=\"elementor-spacer-inner\"><\/div>\n\t\t<\/div>\n\t\t\t\t\t\t<\/div>\n\t\t\t\t<\/div>\n\t\t\t\t<div class=\"elementor-element elementor-element-e294f14 elementor-widget elementor-widget-heading\" data-id=\"e294f14\" data-element_type=\"widget\" data-widget_type=\"heading.default\">\n\t\t\t\t<div class=\"elementor-widget-container\">\n\t\t\t\t\t<h5 class=\"elementor-heading-title elementor-size-default\">Kontakt<\/h5>\t\t\t\t<\/div>\n\t\t\t\t<\/div>\n\t\t\t\t<div class=\"elementor-element elementor-element-208233a elementor-widget elementor-widget-text-editor\" data-id=\"208233a\" data-element_type=\"widget\" data-widget_type=\"text-editor.default\">\n\t\t\t\t<div class=\"elementor-widget-container\">\n\t\t\t\t\t\t\t\t\t<p>Jeste\u015bmy dla Was dost\u0119pni od pn-pt 8-16<\/p>\t\t\t\t\t\t\t\t<\/div>\n\t\t\t\t<\/div>\n\t\t\t\t<div class=\"elementor-element elementor-element-c57c540 elementor-widget elementor-widget-text-editor\" data-id=\"c57c540\" data-element_type=\"widget\" data-widget_type=\"text-editor.default\">\n\t\t\t\t<div class=\"elementor-widget-container\">\n\t\t\t\t\t\t\t\t\t<div class=\"woostify-contact-info\"><div class=\"contact-info-list\"><div class=\"contact-info-img\"><img decoding=\"async\" src=\"https:\/\/demo.woostify.com\/fashion1\/wp-content\/uploads\/sites\/27\/2018\/10\/contact-phone.jpg\" alt=\"contact-info-image\" \/><\/div><div class=\"contact-info-detail\"><p>Numer telefonu<\/p><h6>+48 728520320<\/h6><\/div><\/div><div class=\"contact-info-list\"><div class=\"contact-info-img\"><img decoding=\"async\" src=\"https:\/\/demo.woostify.com\/fashion1\/wp-content\/uploads\/sites\/27\/2018\/10\/contact-mail.jpg\" alt=\"contact-info-image\" \/><\/div><div class=\"contact-info-detail\"><p><label>Email<\/label><\/p><h6>kontakt@gramywpolski.com<\/h6><\/div><\/div><\/div>\t\t\t\t\t\t\t\t<\/div>\n\t\t\t\t<\/div>\n\t\t\t\t<\/div>\n\t\t<div class=\"elementor-element elementor-element-1a262bf e-con-full e-flex e-con e-child\" data-id=\"1a262bf\" data-element_type=\"container\">\n\t\t\t\t<div class=\"elementor-element elementor-element-ad814ae elementor-widget elementor-widget-spacer\" data-id=\"ad814ae\" data-element_type=\"widget\" data-widget_type=\"spacer.default\">\n\t\t\t\t<div class=\"elementor-widget-container\">\n\t\t\t\t\t\t\t<div class=\"elementor-spacer\">\n\t\t\t<div class=\"elementor-spacer-inner\"><\/div>\n\t\t<\/div>\n\t\t\t\t\t\t<\/div>\n\t\t\t\t<\/div>\n\t\t\t\t<div class=\"elementor-element elementor-element-24080f2 elementor-widget elementor-widget-heading\" data-id=\"24080f2\" data-element_type=\"widget\" data-widget_type=\"heading.default\">\n\t\t\t\t<div class=\"elementor-widget-container\">\n\t\t\t\t\t<h5 class=\"elementor-heading-title elementor-size-default\">Formularz kontaktowy<\/h5>\t\t\t\t<\/div>\n\t\t\t\t<\/div>\n\t\t\t\t<div class=\"elementor-element elementor-element-ac792c4 elementor-widget elementor-widget-text-editor\" data-id=\"ac792c4\" data-element_type=\"widget\" data-widget_type=\"text-editor.default\">\n\t\t\t\t<div class=\"elementor-widget-container\">\n\t\t\t\t\t\t\t\t\t<p>Je\u017celi jeste\u015b zainteresowany\/a nauk\u0105 j\u0119zyka polskiego, prowadzimy zaj\u0119cia online. Napisz do nas!<\/p>\t\t\t\t\t\t\t\t<\/div>\n\t\t\t\t<\/div>\n\t\t\t\t<div class=\"elementor-element elementor-element-51a9c5b elementor-widget elementor-widget-shortcode\" data-id=\"51a9c5b\" data-element_type=\"widget\" data-widget_type=\"shortcode.default\">\n\t\t\t\t<div class=\"elementor-widget-container\">\n\t\t\t\t\t\t\t<div class=\"elementor-shortcode\">\n<div class=\"wpcf7 no-js\" id=\"wpcf7-f213-o1\" lang=\"en-US\" dir=\"ltr\" data-wpcf7-id=\"213\">\n<div class=\"screen-reader-response\"><p role=\"status\" aria-live=\"polite\" aria-atomic=\"true\"><\/p> <ul><\/ul><\/div>\n<form action=\"\/index.php?rest_route=%2Fwp%2Fv2%2Fpages%2F201#wpcf7-f213-o1\" method=\"post\" class=\"wpcf7-form init\" aria-label=\"Contact form\" novalidate=\"novalidate\" data-status=\"init\">\n<fieldset class=\"hidden-fields-container\"><input type=\"hidden\" name=\"_wpcf7\" value=\"213\" \/><input type=\"hidden\" name=\"_wpcf7_version\" value=\"6.1.1\" \/><input type=\"hidden\" name=\"_wpcf7_locale\" value=\"en_US\" \/><input type=\"hidden\" name=\"_wpcf7_unit_tag\" value=\"wpcf7-f213-o1\" \/><input type=\"hidden\" name=\"_wpcf7_container_post\" value=\"0\" \/><input type=\"hidden\" name=\"_wpcf7_posted_data_hash\" value=\"\" \/>\n<\/fieldset>\n<div class=\"woostify-contact-form\">\n\t<div class=\"row\">\n\t\t<div class=\"col-md-6\">\n\t\t\t<p><span class=\"wpcf7-form-control-wrap\" data-name=\"your-name\"><input size=\"40\" maxlength=\"400\" class=\"wpcf7-form-control wpcf7-text wpcf7-validates-as-required\" aria-required=\"true\" aria-invalid=\"false\" placeholder=\"Twoje imi\u0119\" value=\"\" type=\"text\" name=\"your-name\" \/><\/span>\n\t\t\t<\/p>\n\t\t<\/div>\n\t\t<div class=\"col-md-6\">\n\t\t\t<p><span class=\"wpcf7-form-control-wrap\" data-name=\"your-email\"><input size=\"40\" maxlength=\"400\" class=\"wpcf7-form-control wpcf7-email wpcf7-validates-as-required wpcf7-text wpcf7-validates-as-email\" aria-required=\"true\" aria-invalid=\"false\" placeholder=\"Email\" value=\"\" type=\"email\" name=\"your-email\" \/><\/span>\n\t\t\t<\/p>\n\t\t<\/div>\n\t<\/div>\n\t<p><span class=\"wpcf7-form-control-wrap\" data-name=\"your-message\"><textarea cols=\"40\" rows=\"10\" maxlength=\"2000\" class=\"wpcf7-form-control wpcf7-textarea wpcf7-validates-as-required\" aria-required=\"true\" aria-invalid=\"false\" placeholder=\"Wiadomo\u015b\u0107\" name=\"your-message\"><\/textarea><\/span><br \/>\n<input class=\"wpcf7-form-control wpcf7-submit has-spinner button\" type=\"submit\" value=\"Wy\u015blij\" \/>\n\t<\/p>\n<\/div><div class=\"wpcf7-response-output\" aria-hidden=\"true\"><\/div>\n<\/form>\n<\/div>\n\r\n\t\t\t\t<script>\r\n\t\t\t\tif ( typeof huOptions !== 'undefined' ) {\r\n\t\t\t\t\tvar huFormData = {\"source\":\"contactform7\",\"id\":213,\"title\":\"Contact Form\",\"fields\":{\"subject\":{\"first_name\":\"your-name\",\"email\":\"your-email\"},\"preferences\":{\"terms\":\"your-consent\"}}};\r\n\t\t\t\t\tvar huFormNode = document.querySelector( '[id^=\"wpcf7-f213-\"] form' );\r\n\r\n\t\t\t\t\thuFormData['node'] = huFormNode;\r\n\t\t\t\t\thuOptions['forms'].push( huFormData );\r\n\t\t\t\t}\r\n\t\t\t\t<\/script><\/div>\n\t\t\t\t\t\t<\/div>\n\t\t\t\t<\/div>\n\t\t\t\t<\/div>\n\t\t\t\t\t<\/div>\n\t\t\t\t<\/div>\n\t\t<div class=\"elementor-element elementor-element-520acde e-flex e-con-boxed e-con e-parent\" data-id=\"520acde\" data-element_type=\"container\">\n\t\t\t\t\t<div class=\"e-con-inner\">\n\t\t<div class=\"elementor-element elementor-element-6674381 e-con-full e-flex e-con e-child\" data-id=\"6674381\" data-element_type=\"container\">\n\t\t\t\t<div class=\"elementor-element elementor-element-45a7a6e elementor-widget elementor-widget-spacer\" data-id=\"45a7a6e\" data-element_type=\"widget\" data-widget_type=\"spacer.default\">\n\t\t\t\t<div class=\"elementor-widget-container\">\n\t\t\t\t\t\t\t<div class=\"elementor-spacer\">\n\t\t\t<div class=\"elementor-spacer-inner\"><\/div>\n\t\t<\/div>\n\t\t\t\t\t\t<\/div>\n\t\t\t\t<\/div>\n\t\t\t\t<\/div>\n\t\t\t\t\t<\/div>\n\t\t\t\t<\/div>\n\t\t\t\t<\/div>\n\t\t","protected":false},"excerpt":{"rendered":"<p>Kontakt Jeste\u015bmy dla Was dost\u0119pni od pn-pt 8-16 Numer telefonu +48 728520320 Email kontakt@gramywpolski.com Formularz kontaktowy Je\u017celi jeste\u015b zainteresowany\/a nauk\u0105&#8230;<\/p>\n","protected":false},"author":1,"featured_media":0,"parent":0,"menu_order":0,"comment_status":"closed","ping_status":"closed","template":"","meta":{"footnotes":""},"class_list":["post-201","page","type-page","status-publish","hentry"],"jetpack_sharing_enabled":true,"post-meta":{"_elementor_edit_mode":["builder"],"_wp_page_template":["default"],"_elementor_data":["[{\"id\":\"e1bfea3\",\"elType\":\"container\",\"settings\":{\"flex_gap\":{\"size\":0,\"unit\":\"px\"},\"structure\":\"21\",\"flex_direction\":\"row\",\"flex_align_items\":\"stretch\",\"padding\":{\"unit\":\"px\",\"top\":\"0\",\"right\":\"15\",\"bottom\":\"0\",\"left\":\"15\",\"isLinked\":false}},\"elements\":[{\"id\":\"56d963d\",\"elType\":\"container\",\"settings\":{\"_column_size\":33,\"width\":{\"size\":33.333,\"unit\":\"%\"},\"content_width\":\"full\",\"padding\":{\"unit\":\"px\",\"top\":\"0\",\"right\":\"0\",\"bottom\":\"0\",\"left\":\"0\",\"isLinked\":true}},\"elements\":[{\"id\":\"11d3214\",\"elType\":\"widget\",\"settings\":{\"space\":{\"unit\":\"px\",\"size\":90}},\"elements\":[],\"widgetType\":\"spacer\"},{\"id\":\"e294f14\",\"elType\":\"widget\",\"settings\":{\"title\":\"Kontakt\",\"header_size\":\"h5\",\"typography_typography\":\"custom\",\"typography_font_weight\":\"normal\"},\"elements\":[],\"widgetType\":\"heading\"},{\"id\":\"208233a\",\"elType\":\"widget\",\"settings\":{\"editor\":\"<p>Jeste\\u015bmy dla Was dost\\u0119pni od pn-pt 8-16<\\\/p>\",\"typography_font_size\":{\"unit\":\"px\",\"size\":0}},\"elements\":[],\"widgetType\":\"text-editor\"},{\"id\":\"c57c540\",\"elType\":\"widget\",\"settings\":{\"editor\":\"<div class=\\\"woostify-contact-info\\\"><div class=\\\"contact-info-list\\\"><div class=\\\"contact-info-img\\\"><img src=\\\"https:\\\/\\\/demo.woostify.com\\\/fashion1\\\/wp-content\\\/uploads\\\/sites\\\/27\\\/2018\\\/10\\\/contact-phone.jpg\\\" alt=\\\"contact-info-image\\\" \\\/><\\\/div><div class=\\\"contact-info-detail\\\"><p>Numer telefonu<\\\/p><h6>+48 728520320<\\\/h6><\\\/div><\\\/div><div class=\\\"contact-info-list\\\"><div class=\\\"contact-info-img\\\"><img src=\\\"https:\\\/\\\/demo.woostify.com\\\/fashion1\\\/wp-content\\\/uploads\\\/sites\\\/27\\\/2018\\\/10\\\/contact-mail.jpg\\\" alt=\\\"contact-info-image\\\" \\\/><\\\/div><div class=\\\"contact-info-detail\\\"><p><label>Email<\\\/label><\\\/p><h6>kontakt@gramywpolski.com<\\\/h6><\\\/div><\\\/div><\\\/div>\"},\"elements\":[],\"widgetType\":\"text-editor\"}],\"isInner\":true},{\"id\":\"1a262bf\",\"elType\":\"container\",\"settings\":{\"_column_size\":66,\"width\":{\"size\":66.666,\"unit\":\"%\"},\"content_width\":\"full\",\"padding\":{\"unit\":\"px\",\"top\":\"0\",\"right\":\"0\",\"bottom\":\"0\",\"left\":\"0\",\"isLinked\":true}},\"elements\":[{\"id\":\"ad814ae\",\"elType\":\"widget\",\"settings\":{\"space\":{\"unit\":\"px\",\"size\":90}},\"elements\":[],\"widgetType\":\"spacer\"},{\"id\":\"24080f2\",\"elType\":\"widget\",\"settings\":{\"title\":\"Formularz kontaktowy\",\"header_size\":\"h5\",\"typography_typography\":\"custom\",\"typography_font_weight\":\"normal\"},\"elements\":[],\"widgetType\":\"heading\"},{\"id\":\"ac792c4\",\"elType\":\"widget\",\"settings\":{\"editor\":\"<p>Je\\u017celi jeste\\u015b zainteresowany\\\/a nauk\\u0105 j\\u0119zyka polskiego, prowadzimy zaj\\u0119cia online. Napisz do nas!<\\\/p>\",\"typography_font_size\":{\"unit\":\"px\",\"size\":12}},\"elements\":[],\"widgetType\":\"text-editor\"},{\"id\":\"51a9c5b\",\"elType\":\"widget\",\"settings\":{\"shortcode\":\"[contact-form-7 id=\\\"213\\\" title=\\\"Contact Form\\\"]\"},\"elements\":[],\"widgetType\":\"shortcode\"}],\"isInner\":true}],\"isInner\":false},{\"id\":\"520acde\",\"elType\":\"container\",\"settings\":{\"flex_direction\":\"row\",\"flex_align_items\":\"stretch\",\"flex_gap\":{\"size\":10,\"unit\":\"px\"},\"padding\":{\"unit\":\"px\",\"top\":\"0\",\"right\":\"0\",\"bottom\":\"0\",\"left\":\"0\",\"isLinked\":true}},\"elements\":[{\"id\":\"6674381\",\"elType\":\"container\",\"settings\":{\"_column_size\":100,\"content_width\":\"full\"},\"elements\":[{\"id\":\"45a7a6e\",\"elType\":\"widget\",\"settings\":{\"space\":{\"unit\":\"px\",\"size\":90}},\"elements\":[],\"widgetType\":\"spacer\"}],\"isInner\":true}],\"isInner\":false}]"],"_elementor_version":["3.24.4"],"_elementor_template_type":["wp-post"],"site-container":["full-width-stretched"],"site-header-transparent":["default"],"site-page-header":["disabled"],"site-sidebar":["default"],"_elementor_controls_usage":["a:7:{s:11:\"google_maps\";a:3:{s:5:\"count\";i:1;s:15:\"control_percent\";i:2;s:8:\"controls\";a:2:{s:7:\"content\";a:1:{s:11:\"section_map\";a:3:{s:6:\"height\";i:1;s:13:\"height_tablet\";i:1;s:13:\"height_mobile\";i:1;}}s:5:\"style\";a:1:{s:17:\"section_map_style\";a:1:{s:15:\"css_filters_hue\";i:1;}}}}s:6:\"column\";a:3:{s:5:\"count\";i:4;s:15:\"control_percent\";i:0;s:8:\"controls\";a:1:{s:6:\"layout\";a:1:{s:6:\"layout\";a:1:{s:12:\"_inline_size\";i:2;}}}}s:7:\"section\";a:3:{s:5:\"count\";i:3;s:15:\"control_percent\";i:0;s:8:\"controls\";a:1:{s:6:\"layout\";a:2:{s:14:\"section_layout\";a:3:{s:15:\"stretch_section\";i:1;s:6:\"layout\";i:1;s:3:\"gap\";i:2;}s:17:\"section_structure\";a:1:{s:9:\"structure\";i:1;}}}}s:6:\"spacer\";a:3:{s:5:\"count\";i:3;s:15:\"control_percent\";i:0;s:8:\"controls\";a:1:{s:7:\"content\";a:1:{s:14:\"section_spacer\";a:1:{s:5:\"space\";i:3;}}}}s:7:\"heading\";a:3:{s:5:\"count\";i:2;s:15:\"control_percent\";i:2;s:8:\"controls\";a:2:{s:7:\"content\";a:1:{s:13:\"section_title\";a:2:{s:5:\"title\";i:2;s:11:\"header_size\";i:2;}}s:5:\"style\";a:1:{s:19:\"section_title_style\";a:2:{s:21:\"typography_typography\";i:2;s:22:\"typography_font_weight\";i:2;}}}}s:11:\"text-editor\";a:3:{s:5:\"count\";i:3;s:15:\"control_percent\";i:1;s:8:\"controls\";a:2:{s:7:\"content\";a:1:{s:14:\"section_editor\";a:1:{s:6:\"editor\";i:3;}}s:5:\"style\";a:1:{s:13:\"section_style\";a:1:{s:20:\"typography_font_size\";i:2;}}}}s:9:\"shortcode\";a:3:{s:5:\"count\";i:1;s:15:\"control_percent\";i:0;s:8:\"controls\";a:1:{s:7:\"content\";a:1:{s:17:\"section_shortcode\";a:1:{s:9:\"shortcode\";i:1;}}}}}"],"_edit_lock":["1740932999:1"],"_g_feedback_shortcode_0d1ad06c47f1553bffc6994247bc2cc85639d3dc":["\n\t\t\t\t[contact-field label=\"Name\" type=\"name\"  required=\"true\" \/]\n\t\t\t\t[contact-field label=\"Email\" type=\"email\" required=\"true\" \/]\n\t\t\t\t[contact-field label=\"Website\" type=\"url\" \/]\n\t\t\t\t[contact-field label=\"Message\" type=\"textarea\" \/]"],"_g_feedback_shortcode_atts_0d1ad06c47f1553bffc6994247bc2cc85639d3dc":["a:17:{s:2:\"to\";s:22:\"gramywpolski@gmail.com\";s:7:\"subject\";s:24:\"[gramy w polski] Contact\";s:12:\"show_subject\";s:2:\"no\";s:6:\"widget\";i:0;s:14:\"block_template\";N;s:19:\"block_template_part\";N;s:2:\"id\";i:201;s:18:\"submit_button_text\";s:6:\"Submit\";s:14:\"customThankyou\";s:0:\"\";s:21:\"customThankyouHeading\";s:26:\"Your message has been sent\";s:21:\"customThankyouMessage\";s:30:\"Thank you for your submission!\";s:22:\"customThankyouRedirect\";s:0:\"\";s:10:\"jetpackCRM\";b:1;s:9:\"className\";N;s:9:\"postToUrl\";N;s:14:\"salesforceData\";N;s:12:\"hiddenFields\";N;}"],"_elementor_page_settings":["a:1:{s:18:\"eael_ext_toc_title\";s:17:\"Table of Contents\";}"],"_eael_custom_js":[""],"_eael_post_view_count":["601"],"_elementor_page_assets":["a:2:{s:6:\"styles\";a:2:{i:0;s:13:\"widget-spacer\";i:1;s:14:\"widget-heading\";}s:7:\"scripts\";a:1:{i:0;s:18:\"elementor-frontend\";}}"],"_elementor_css":["a:6:{s:4:\"time\";i:1775935694;s:5:\"fonts\";a:0:{}s:5:\"icons\";a:0:{}s:20:\"dynamic_elements_ids\";a:0:{}s:6:\"status\";s:4:\"file\";i:0;s:0:\"\";}"],"_elementor_element_cache":["{\"timeout\":1776741733,\"value\":{\"content\":\"<div class=\\\"elementor-element elementor-element-e1bfea3 e-flex e-con-boxed e-con e-parent\\\" data-id=\\\"e1bfea3\\\" data-element_type=\\\"container\\\">\\n\\t\\t\\t\\t\\t<div class=\\\"e-con-inner\\\">\\n\\t\\t<div class=\\\"elementor-element elementor-element-56d963d e-con-full e-flex e-con e-child\\\" data-id=\\\"56d963d\\\" data-element_type=\\\"container\\\">\\n\\t\\t\\t\\t<div class=\\\"elementor-element elementor-element-11d3214 elementor-widget elementor-widget-spacer\\\" data-id=\\\"11d3214\\\" data-element_type=\\\"widget\\\" data-widget_type=\\\"spacer.default\\\">\\n\\t\\t\\t\\t<div class=\\\"elementor-widget-container\\\">\\n\\t\\t\\t\\t\\t\\t\\t<div class=\\\"elementor-spacer\\\">\\n\\t\\t\\t<div class=\\\"elementor-spacer-inner\\\"><\\\/div>\\n\\t\\t<\\\/div>\\n\\t\\t\\t\\t\\t\\t<\\\/div>\\n\\t\\t\\t\\t<\\\/div>\\n\\t\\t\\t\\t<div class=\\\"elementor-element elementor-element-e294f14 elementor-widget elementor-widget-heading\\\" data-id=\\\"e294f14\\\" data-element_type=\\\"widget\\\" data-widget_type=\\\"heading.default\\\">\\n\\t\\t\\t\\t<div class=\\\"elementor-widget-container\\\">\\n\\t\\t\\t\\t\\t<h5 class=\\\"elementor-heading-title elementor-size-default\\\">Kontakt<\\\/h5>\\t\\t\\t\\t<\\\/div>\\n\\t\\t\\t\\t<\\\/div>\\n\\t\\t[elementor-element k=\\\"38cd5412be0f1401fec39a88c37f5021\\\" data=\\\"eyJpZCI6IjIwODIzM2EiLCJlbFR5cGUiOiJ3aWRnZXQiLCJzZXR0aW5ncyI6eyJlZGl0b3IiOiI8cD5KZXN0ZVx1MDE1Ym15IGRsYSBXYXMgZG9zdFx1MDExOXBuaSBvZCBwbi1wdCA4LTE2PFwvcD4iLCJ0eXBvZ3JhcGh5X2ZvbnRfc2l6ZSI6eyJ1bml0IjoicHgiLCJzaXplIjowfX0sImVsZW1lbnRzIjpbXSwid2lkZ2V0VHlwZSI6InRleHQtZWRpdG9yIn0=\\\"][elementor-element k=\\\"38cd5412be0f1401fec39a88c37f5021\\\" data=\\\"eyJpZCI6ImM1N2M1NDAiLCJlbFR5cGUiOiJ3aWRnZXQiLCJzZXR0aW5ncyI6eyJlZGl0b3IiOiI8ZGl2IGNsYXNzPVwid29vc3RpZnktY29udGFjdC1pbmZvXCI+PGRpdiBjbGFzcz1cImNvbnRhY3QtaW5mby1saXN0XCI+PGRpdiBjbGFzcz1cImNvbnRhY3QtaW5mby1pbWdcIj48aW1nIHNyYz1cImh0dHBzOlwvXC9kZW1vLndvb3N0aWZ5LmNvbVwvZmFzaGlvbjFcL3dwLWNvbnRlbnRcL3VwbG9hZHNcL3NpdGVzXC8yN1wvMjAxOFwvMTBcL2NvbnRhY3QtcGhvbmUuanBnXCIgYWx0PVwiY29udGFjdC1pbmZvLWltYWdlXCIgXC8+PFwvZGl2PjxkaXYgY2xhc3M9XCJjb250YWN0LWluZm8tZGV0YWlsXCI+PHA+TnVtZXIgdGVsZWZvbnU8XC9wPjxoNj4rNDggNzI4NTIwMzIwPFwvaDY+PFwvZGl2PjxcL2Rpdj48ZGl2IGNsYXNzPVwiY29udGFjdC1pbmZvLWxpc3RcIj48ZGl2IGNsYXNzPVwiY29udGFjdC1pbmZvLWltZ1wiPjxpbWcgc3JjPVwiaHR0cHM6XC9cL2RlbW8ud29vc3RpZnkuY29tXC9mYXNoaW9uMVwvd3AtY29udGVudFwvdXBsb2Fkc1wvc2l0ZXNcLzI3XC8yMDE4XC8xMFwvY29udGFjdC1tYWlsLmpwZ1wiIGFsdD1cImNvbnRhY3QtaW5mby1pbWFnZVwiIFwvPjxcL2Rpdj48ZGl2IGNsYXNzPVwiY29udGFjdC1pbmZvLWRldGFpbFwiPjxwPjxsYWJlbD5FbWFpbDxcL2xhYmVsPjxcL3A+PGg2PmtvbnRha3RAZ3JhbXl3cG9sc2tpLmNvbTxcL2g2PjxcL2Rpdj48XC9kaXY+PFwvZGl2PiJ9LCJlbGVtZW50cyI6W10sIndpZGdldFR5cGUiOiJ0ZXh0LWVkaXRvciJ9\\\"]\\t\\t<\\\/div>\\n\\t\\t<div class=\\\"elementor-element elementor-element-1a262bf e-con-full e-flex e-con e-child\\\" data-id=\\\"1a262bf\\\" data-element_type=\\\"container\\\">\\n\\t\\t\\t\\t<div class=\\\"elementor-element elementor-element-ad814ae elementor-widget elementor-widget-spacer\\\" data-id=\\\"ad814ae\\\" data-element_type=\\\"widget\\\" data-widget_type=\\\"spacer.default\\\">\\n\\t\\t\\t\\t<div class=\\\"elementor-widget-container\\\">\\n\\t\\t\\t\\t\\t\\t\\t<div class=\\\"elementor-spacer\\\">\\n\\t\\t\\t<div class=\\\"elementor-spacer-inner\\\"><\\\/div>\\n\\t\\t<\\\/div>\\n\\t\\t\\t\\t\\t\\t<\\\/div>\\n\\t\\t\\t\\t<\\\/div>\\n\\t\\t\\t\\t<div class=\\\"elementor-element elementor-element-24080f2 elementor-widget elementor-widget-heading\\\" data-id=\\\"24080f2\\\" data-element_type=\\\"widget\\\" data-widget_type=\\\"heading.default\\\">\\n\\t\\t\\t\\t<div class=\\\"elementor-widget-container\\\">\\n\\t\\t\\t\\t\\t<h5 class=\\\"elementor-heading-title elementor-size-default\\\">Formularz kontaktowy<\\\/h5>\\t\\t\\t\\t<\\\/div>\\n\\t\\t\\t\\t<\\\/div>\\n\\t\\t[elementor-element k=\\\"38cd5412be0f1401fec39a88c37f5021\\\" data=\\\"eyJpZCI6ImFjNzkyYzQiLCJlbFR5cGUiOiJ3aWRnZXQiLCJzZXR0aW5ncyI6eyJlZGl0b3IiOiI8cD5KZVx1MDE3Y2VsaSBqZXN0ZVx1MDE1YiB6YWludGVyZXNvd2FueVwvYSBuYXVrXHUwMTA1IGpcdTAxMTl6eWthIHBvbHNraWVnbywgcHJvd2FkemlteSB6YWpcdTAxMTljaWEgb25saW5lLiBOYXBpc3ogZG8gbmFzITxcL3A+IiwidHlwb2dyYXBoeV9mb250X3NpemUiOnsidW5pdCI6InB4Iiwic2l6ZSI6MTJ9fSwiZWxlbWVudHMiOltdLCJ3aWRnZXRUeXBlIjoidGV4dC1lZGl0b3IifQ==\\\"][elementor-element k=\\\"38cd5412be0f1401fec39a88c37f5021\\\" data=\\\"eyJpZCI6IjUxYTljNWIiLCJlbFR5cGUiOiJ3aWRnZXQiLCJzZXR0aW5ncyI6eyJzaG9ydGNvZGUiOiJbY29udGFjdC1mb3JtLTcgaWQ9XCIyMTNcIiB0aXRsZT1cIkNvbnRhY3QgRm9ybVwiXSJ9LCJlbGVtZW50cyI6W10sIndpZGdldFR5cGUiOiJzaG9ydGNvZGUifQ==\\\"]\\t\\t<\\\/div>\\n\\t\\t\\t\\t\\t<\\\/div>\\n\\t\\t\\t\\t<\\\/div>\\n\\t\\t<div class=\\\"elementor-element elementor-element-520acde e-flex e-con-boxed e-con e-parent\\\" data-id=\\\"520acde\\\" data-element_type=\\\"container\\\">\\n\\t\\t\\t\\t\\t<div class=\\\"e-con-inner\\\">\\n\\t\\t<div class=\\\"elementor-element elementor-element-6674381 e-con-full e-flex e-con e-child\\\" data-id=\\\"6674381\\\" data-element_type=\\\"container\\\">\\n\\t\\t\\t\\t<div class=\\\"elementor-element elementor-element-45a7a6e elementor-widget elementor-widget-spacer\\\" data-id=\\\"45a7a6e\\\" data-element_type=\\\"widget\\\" data-widget_type=\\\"spacer.default\\\">\\n\\t\\t\\t\\t<div class=\\\"elementor-widget-container\\\">\\n\\t\\t\\t\\t\\t\\t\\t<div class=\\\"elementor-spacer\\\">\\n\\t\\t\\t<div class=\\\"elementor-spacer-inner\\\"><\\\/div>\\n\\t\\t<\\\/div>\\n\\t\\t\\t\\t\\t\\t<\\\/div>\\n\\t\\t\\t\\t<\\\/div>\\n\\t\\t\\t\\t<\\\/div>\\n\\t\\t\\t\\t\\t<\\\/div>\\n\\t\\t\\t\\t<\\\/div>\\n\\t\\t\",\"scripts\":[],\"styles\":[]}}"]},"_links":{"self":[{"href":"https:\/\/gramywpolski.com\/index.php?rest_route=\/wp\/v2\/pages\/201","targetHints":{"allow":["GET"]}}],"collection":[{"href":"https:\/\/gramywpolski.com\/index.php?rest_route=\/wp\/v2\/pages"}],"about":[{"href":"https:\/\/gramywpolski.com\/index.php?rest_route=\/wp\/v2\/types\/page"}],"author":[{"embeddable":true,"href":"https:\/\/gramywpolski.com\/index.php?rest_route=\/wp\/v2\/users\/1"}],"replies":[{"embeddable":true,"href":"https:\/\/gramywpolski.com\/index.php?rest_route=%2Fwp%2Fv2%2Fcomments&post=201"}],"version-history":[{"count":4,"href":"https:\/\/gramywpolski.com\/index.php?rest_route=\/wp\/v2\/pages\/201\/revisions"}],"predecessor-version":[{"id":5128,"href":"https:\/\/gramywpolski.com\/index.php?rest_route=\/wp\/v2\/pages\/201\/revisions\/5128"}],"wp:attachment":[{"href":"https:\/\/gramywpolski.com\/index.php?rest_route=%2Fwp%2Fv2%2Fmedia&parent=201"}],"curies":[{"name":"wp","href":"https:\/\/api.w.org\/{rel}","templated":true}]}}