{"id":3,"date":"2024-09-27T21:38:14","date_gmt":"2024-09-27T19:38:14","guid":{"rendered":"https:\/\/gramywpolski.com\/?page_id=3"},"modified":"2025-02-11T19:55:27","modified_gmt":"2025-02-11T18:55:27","slug":"polityka-prywatnosci","status":"publish","type":"page","link":"https:\/\/gramywpolski.com\/?page_id=3","title":{"rendered":"Polityka prywatno\u015bci"},"content":{"rendered":"\n<p>Polityka prywatno\u015bci sklepu internetowego \u201eGramy w Polski\u201d<br>Data ostatniej aktualizacji: [11.02.25]<br>1. Postanowienia og\u00f3lne<br>Niniejsza Polityka Prywatno\u015bci okre\u015bla zasady przetwarzania i ochrony danych osobowych u\u017cytkownik\u00f3w sklepu internetowego \u201eGramy w Polski\u2019, dost\u0119pnego pod adresem\u00a0<a href=\"http:\/\/www.gramywpolski.com\/\" target=\"_blank\" rel=\"noreferrer noopener\">www.gramywpolski.com<\/a>. Dok\u0142adamy wszelkich stara\u0144, aby zapewni\u0107 poufno\u015b\u0107 i bezpiecze\u0144stwo danych, zgodnie z obowi\u0105zuj\u0105cymi przepisami prawa, w tym Rozporz\u0105dzeniem Parlamentu Europejskiego i Rady (UE) 2016\/679 (RODO).<\/p>\n\n\n\n<p>2. Administrator danych osobowych<br>Administratorem Twoich danych jest Bezokrates Sp. z o.o., \u00a0NIP 7861734925. Mo\u017cesz skontaktowa\u0107 si\u0119 z nami pod adresem e-mail:\u00a0<a href=\"mailto:kontakt@gramywpolski.com\">kontakt@gramywpolski.com<\/a>.<\/p>\n\n\n\n<p>3. Zakres gromadzonych danych<br>Zbieramy wy\u0142\u0105cznie dane osobowe niezb\u0119dne do realizacji zam\u00f3wie\u0144, \u015bwiadczenia us\u0142ug, oraz w celu utrzymania kontaktu z klientami. Mog\u0105 to by\u0107:<br>* Imi\u0119 i nazwisko<br>* Adres e-mail<br>* Dane kontaktowe (np. numer telefonu)<br>* Dane dotycz\u0105ce p\u0142atno\u015bci<br>* Dane dotycz\u0105ce zam\u00f3wie\u0144<\/p>\n\n\n\n<p>4. Cel przetwarzania danych<br>Przetwarzamy Twoje dane osobowe w nast\u0119puj\u0105cych celach:<br>* Realizacja zam\u00f3wie\u0144 w naszym sklepie,<br>* Utrzymywanie kontaktu z klientem (np. informowanie o statusie zam\u00f3wienia, odpowiadanie na pytania),<br>* Obs\u0142uga reklamacji i zwrot\u00f3w,<br>* Przesy\u0142anie materia\u0142\u00f3w marketingowych i informacji o promocjach (za zgod\u0105 u\u017cytkownika),<br>* Prowadzenie ksi\u0119gowo\u015bci i spe\u0142nianie wymog\u00f3w prawnych.<\/p>\n\n\n\n<p>5. Podstawy prawne przetwarzania danych<br>Twoje dane przetwarzamy na podstawie:<br>* Niezb\u0119dno\u015bci przetwarzania danych do realizacji umowy (art. 6 ust. 1 lit. b RODO),<br>* Zgody na przetwarzanie danych (art. 6 ust. 1 lit. a RODO) \u2013 w przypadku zapisu na newsletter lub inne dzia\u0142ania marketingowe,<br>* Prawnie uzasadnionego interesu administratora (art. 6 ust. 1 lit. f RODO), np. w celu obs\u0142ugi roszcze\u0144.<\/p>\n\n\n\n<p>6. Udost\u0119pnianie danych osobowych<br>Twoje dane osobowe mog\u0105 by\u0107 udost\u0119pniane podmiotom trzecim, wy\u0142\u0105cznie w celach zwi\u0105zanych z realizacj\u0105 us\u0142ug, np.:<br>* Operatorom p\u0142atno\u015bci online,<br>* Firmom obs\u0142uguj\u0105cym hosting i utrzymanie sklepu.<br>Dane nie b\u0119d\u0105 przekazywane do pa\u0144stw trzecich bez zgody u\u017cytkownika, z wyj\u0105tkiem sytuacji wymaganych prawem.<\/p>\n\n\n\n<p>7. Czas przechowywania danych<br>Dane osobowe przechowujemy przez okres niezb\u0119dny do realizacji zam\u00f3wienia i obs\u0142ugi klienta, a tak\u017ce do cel\u00f3w ksi\u0119gowych i prawnych. W przypadku danych przetwarzanych na podstawie zgody, przechowujemy je do momentu wycofania zgody.<\/p>\n\n\n\n<p>8. Prawa u\u017cytkownika<br>W zwi\u0105zku z przetwarzaniem Twoich danych osobowych, przys\u0142uguj\u0105 Ci nast\u0119puj\u0105ce prawa:<br>* Prawo dost\u0119pu do danych,<br>* Prawo do sprostowania danych,<br>* Prawo do usuni\u0119cia danych (\u201eprawo do bycia zapomnianym\u201d),<br>* Prawo do ograniczenia przetwarzania danych,<br>* Prawo do przenoszenia danych,<br>* Prawo do sprzeciwu wobec przetwarzania danych,<br>* Prawo do wycofania zgody na przetwarzanie danych w dowolnym momencie.<br>W celu skorzystania z powy\u017cszych praw, skontaktuj si\u0119 z nami pod adresem e-mail:&nbsp;<a href=\"mailto:kontakt@gramywpolski.com\">kontakt@gramywpolski.com<\/a>.<\/p>\n\n\n\n<p>9. Bezpiecze\u0144stwo danych<br>Dbamy o odpowiednie zabezpieczenia techniczne i organizacyjne, aby chroni\u0107 dane osobowe przed ich utrat\u0105, modyfikacj\u0105, nieuprawnionym dost\u0119pem czy ujawnieniem. Stosujemy szyfrowanie danych oraz regularnie aktualizujemy nasze procedury bezpiecze\u0144stwa.<\/p>\n\n\n\n<p>10. Pliki cookies<br>Nasza strona wykorzystuje pliki cookies w celu zapewnienia prawid\u0142owego dzia\u0142ania sklepu, optymalizacji dzia\u0142ania strony oraz w celach analitycznych. Wi\u0119cej informacji na temat plik\u00f3w cookies znajdziesz w naszej Polityce Cookies.<\/p>\n\n\n\n<p>11. Zmiany w polityce prywatno\u015bci<br>Zastrzegamy sobie prawo do wprowadzania zmian w niniejszej Polityce Prywatno\u015bci. Zmiany b\u0119d\u0105 publikowane na naszej stronie internetowej, a o istotnych zmianach poinformujemy Ci\u0119 drog\u0105 mailow\u0105 (je\u015bli wyrazi\u0142e\u015b zgod\u0119 na otrzymywanie takich powiadomie\u0144).<\/p>\n\n\n\n<p>12. Kontakt<br>Je\u017celi masz jakiekolwiek pytania dotycz\u0105ce przetwarzania Twoich danych osobowych, prosimy o kontakt na adres e-mail:&nbsp;<a href=\"mailto:kontakt@gramywpolski.com\">kontakt@gramywpolski.com<\/a>.<\/p>\n","protected":false},"excerpt":{"rendered":"<p>Polityka prywatno\u015bci sklepu internetowego \u201eGramy w Polski\u201dData ostatniej aktualizacji: [11.02.25]1. Postanowienia og\u00f3lneNiniejsza Polityka Prywatno\u015bci okre\u015bla zasady przetwarzania i ochrony danych&#8230;<\/p>\n","protected":false},"author":1,"featured_media":0,"parent":0,"menu_order":0,"comment_status":"closed","ping_status":"open","template":"","meta":{"footnotes":""},"class_list":["post-3","page","type-page","status-publish","hentry"],"jetpack_sharing_enabled":true,"post-meta":{"_wp_page_template":["default"],"_edit_lock":["1742581704:1"],"_g_feedback_shortcode_d2b5643d44a3297bc05d29ce8954d0b04a6d10b6":["\n\t\t\t\t[contact-field label=\"Name\" type=\"name\"  required=\"true\" \/]\n\t\t\t\t[contact-field label=\"Email\" type=\"email\" required=\"true\" \/]\n\t\t\t\t[contact-field label=\"Website\" type=\"url\" \/]\n\t\t\t\t[contact-field label=\"Message\" type=\"textarea\" \/]"],"_g_feedback_shortcode_atts_d2b5643d44a3297bc05d29ce8954d0b04a6d10b6":["a:17:{s:2:\"to\";s:22:\"gramywpolski@gmail.com\";s:7:\"subject\";s:38:\"[gramy w polski] Polityka prywatno\u015bci\";s:12:\"show_subject\";s:2:\"no\";s:6:\"widget\";i:0;s:14:\"block_template\";N;s:19:\"block_template_part\";N;s:2:\"id\";i:3;s:18:\"submit_button_text\";s:6:\"Submit\";s:14:\"customThankyou\";s:0:\"\";s:21:\"customThankyouHeading\";s:26:\"Your message has been sent\";s:21:\"customThankyouMessage\";s:30:\"Thank you for your submission!\";s:22:\"customThankyouRedirect\";s:0:\"\";s:10:\"jetpackCRM\";b:1;s:9:\"className\";N;s:9:\"postToUrl\";N;s:14:\"salesforceData\";N;s:12:\"hiddenFields\";N;}"],"_edit_last":["1"],"site-container":["default"],"site-header-transparent":["default"],"site-page-header":["default"],"site-sidebar":["default"],"_eael_post_view_count":["335"]},"_links":{"self":[{"href":"https:\/\/gramywpolski.com\/index.php?rest_route=\/wp\/v2\/pages\/3","targetHints":{"allow":["GET"]}}],"collection":[{"href":"https:\/\/gramywpolski.com\/index.php?rest_route=\/wp\/v2\/pages"}],"about":[{"href":"https:\/\/gramywpolski.com\/index.php?rest_route=\/wp\/v2\/types\/page"}],"author":[{"embeddable":true,"href":"https:\/\/gramywpolski.com\/index.php?rest_route=\/wp\/v2\/users\/1"}],"replies":[{"embeddable":true,"href":"https:\/\/gramywpolski.com\/index.php?rest_route=%2Fwp%2Fv2%2Fcomments&post=3"}],"version-history":[{"count":1,"href":"https:\/\/gramywpolski.com\/index.php?rest_route=\/wp\/v2\/pages\/3\/revisions"}],"predecessor-version":[{"id":5118,"href":"https:\/\/gramywpolski.com\/index.php?rest_route=\/wp\/v2\/pages\/3\/revisions\/5118"}],"wp:attachment":[{"href":"https:\/\/gramywpolski.com\/index.php?rest_route=%2Fwp%2Fv2%2Fmedia&parent=3"}],"curies":[{"name":"wp","href":"https:\/\/api.w.org\/{rel}","templated":true}]}}