{"id":5171,"date":"2025-03-10T07:38:57","date_gmt":"2025-03-10T06:38:57","guid":{"rendered":"https:\/\/gramywpolski.com\/?page_id=5171"},"modified":"2025-03-10T07:39:02","modified_gmt":"2025-03-10T06:39:02","slug":"regulamin-sklepu","status":"publish","type":"page","link":"https:\/\/gramywpolski.com\/?page_id=5171","title":{"rendered":"Regulamin sklepu"},"content":{"rendered":"\n<p>Regulamin sklepu internetowego \u201eGramy w polski\u201d<br>\u00a71 Postanowienia og\u00f3lne<br>1. \u00a0 \u00a0Niniejszy regulamin okre\u015bla zasady korzystania ze sklepu internetowego \u201eGramy w polski\u201d, dost\u0119pnego pod adresem\u00a0<a href=\"http:\/\/www.gramywpolski.com\/\" target=\"_blank\" rel=\"noreferrer noopener\">www.gramywpolski.com<\/a>, prowadzonego przez Bezokrates sp. z o.o., z siedzib\u0105 pod adresem ul. Klonowa 61, 63-000 \u015aroda Wielkopolska, NIP: 7861734925, REGON: 54058457200000.<br>2. \u00a0 \u00a0Sklep internetowy \u201eGramy w polski\u201d oferuje materia\u0142y edukacyjne w formie e-book\u00f3w do pobrania w formacie elektronicznym.<br>3. \u00a0 \u00a0Kontakt ze sklepem jest mo\u017cliwy poprzez e-mail:\u00a0<a href=\"mailto:kontakt@gramywpolski.com\">kontakt@gramywpolski.com<\/a>\u00a0lub formularz kontaktowy na stronie sklepu.<br>4. \u00a0 \u00a0Korzystanie ze sklepu oznacza akceptacj\u0119 niniejszego regulaminu.<br>\u00a72 Definicje<br>1. \u00a0 \u00a0Sklep \u2013 sklep internetowy \u201eGramy w polski\u201d dost\u0119pny pod adresem\u00a0<a href=\"http:\/\/www.gramywpolski.com\/\" target=\"_blank\" rel=\"noreferrer noopener\">www.gramywpolski.com<\/a>.<br>2. \u00a0 \u00a0Sprzedawca \u2013 w\u0142a\u015bciciel sklepu \u201eGramy w polski\u201d.<br>3. \u00a0 \u00a0Klient \u2013 osoba fizyczna, osoba prawna lub jednostka organizacyjna, kt\u00f3ra dokonuje zakupu w sklepie.<br>4. \u00a0 \u00a0Produkt \u2013 materia\u0142y edukacyjne w formie e-book\u00f3w dost\u0119pne w formie plik\u00f3w elektronicznych.<br>5. \u00a0 \u00a0Zam\u00f3wienie \u2013 czynno\u015b\u0107 prowadz\u0105ca do zawarcia umowy kupna-sprzeda\u017cy pomi\u0119dzy klientem a sprzedawc\u0105.<br>6. \u00a0 \u00a0P\u0142atno\u015b\u0107 \u2013 dokonanie op\u0142aty za zam\u00f3wienie za po\u015brednictwem dost\u0119pnych metod p\u0142atno\u015bci.<br>\u00a73 Warunki sk\u0142adania zam\u00f3wie\u0144<br>1. \u00a0 \u00a0Zam\u00f3wienia w sklepie mo\u017cna sk\u0142ada\u0107 przez ca\u0142\u0105 dob\u0119.<br>2. \u00a0 \u00a0Klient wybiera produkt i dodaje go do koszyka, a nast\u0119pnie przechodzi do realizacji zam\u00f3wienia.<br>3. \u00a0 \u00a0Warunkiem realizacji zam\u00f3wienia jest poprawne wype\u0142nienie formularza zam\u00f3wienia oraz dokonanie p\u0142atno\u015bci.<br>4. \u00a0 \u00a0Po zaksi\u0119gowaniu p\u0142atno\u015bci klient otrzymuje link do pobrania zakupionego produktu na podany adres e-mail.<br>\u00a74 P\u0142atno\u015bci i realizacja zam\u00f3wienia<br>1. \u00a0 \u00a0Sklep oferuje p\u0142atno\u015b\u0107 online za po\u015brednictwem [np. Przelewy24, PayPal].<br>2. \u00a0 \u00a0Po zaksi\u0119gowaniu wp\u0142aty klient otrzymuje e-mail z linkiem do pobrania zakupionego materia\u0142u.<br>3. \u00a0 \u00a0Link do pobrania jest wa\u017cny przez [np. 7 dni] od momentu zakupu.<br>4. \u00a0 \u00a0Sprzedawca nie odpowiada za problemy z pobraniem pliku wynikaj\u0105ce z problem\u00f3w technicznych po stronie klienta.<br>\u00a75 Prawa autorskie<br>1. \u00a0 \u00a0Wszystkie materia\u0142y oferowane w sklepie s\u0105 obj\u0119te prawami autorskimi i przeznaczone wy\u0142\u0105cznie do u\u017cytku w\u0142asnego klienta.<br>2. \u00a0 \u00a0Zabrania si\u0119 kopiowania, rozpowszechniania oraz odsprzeda\u017cy zakupionych produkt\u00f3w bez zgody sprzedawcy.<br>\u00a76 Odst\u0105pienie od umowy i reklamacje<br>1. \u00a0 \u00a0Zgodnie z art. 38 pkt 13 ustawy o prawach konsumenta, klientowi nie przys\u0142uguje prawo odst\u0105pienia od umowy w przypadku zakupu tre\u015bci cyfrowych dostarczanych drog\u0105 elektroniczn\u0105, je\u015bli wyrazi\u0142 zgod\u0119 na natychmiastowe wykonanie umowy.<br>2. \u00a0 \u00a0W przypadku problem\u00f3w z pobraniem produktu lub jego niezgodno\u015bci z opisem klient mo\u017ce zg\u0142osi\u0107 reklamacj\u0119 na adres e-mail: [adres e-mail].<br>3. \u00a0 \u00a0Reklamacja zostanie rozpatrzona w ci\u0105gu 14 dni od daty zg\u0142oszenia.<br>\u00a77 Ochrona danych osobowych<br>1. \u00a0 \u00a0Administratorem danych osobowych klient\u00f3w jest sprzedawca.<br>2. \u00a0 \u00a0Dane osobowe klient\u00f3w s\u0105 przetwarzane wy\u0142\u0105cznie w celu realizacji zam\u00f3wienia zgodnie z polityk\u0105 prywatno\u015bci sklepu.<br>3. \u00a0 \u00a0Klient ma prawo do wgl\u0105du, poprawiania i \u017c\u0105dania usuni\u0119cia swoich danych osobowych.<br>\u00a78 Postanowienia ko\u0144cowe<br>1. \u00a0 \u00a0Regulamin wchodzi w \u017cycie z dniem publikacji na stronie sklepu.<br>2. \u00a0 \u00a0Sprzedawca zastrzega sobie prawo do zmian w regulaminie.<br>3. \u00a0 \u00a0W sprawach nieuregulowanych niniejszym regulaminem maj\u0105 zastosowanie przepisy prawa polskiego.<\/p>\n","protected":false},"excerpt":{"rendered":"<p>Regulamin sklepu internetowego \u201eGramy w polski\u201d\u00a71 Postanowienia og\u00f3lne1. \u00a0 \u00a0Niniejszy regulamin okre\u015bla zasady korzystania ze sklepu internetowego \u201eGramy w polski\u201d,&#8230;<\/p>\n","protected":false},"author":1,"featured_media":0,"parent":0,"menu_order":0,"comment_status":"closed","ping_status":"closed","template":"","meta":{"footnotes":""},"class_list":["post-5171","page","type-page","status-publish","hentry"],"jetpack_sharing_enabled":true,"post-meta":{"_edit_lock":["1741590158:1"],"_g_feedback_shortcode_052e4910cc98607df0ebc7474dd5df7f5a0b9c7c":["\n\t\t\t\t[contact-field label=\"Name\" type=\"name\"  required=\"true\" \/]\n\t\t\t\t[contact-field label=\"Email\" type=\"email\" required=\"true\" \/]\n\t\t\t\t[contact-field label=\"Website\" type=\"url\" \/]\n\t\t\t\t[contact-field label=\"Message\" type=\"textarea\" \/]"],"_g_feedback_shortcode_atts_052e4910cc98607df0ebc7474dd5df7f5a0b9c7c":["a:17:{s:2:\"to\";s:22:\"gramywpolski@gmail.com\";s:7:\"subject\";s:33:\"[gramy w polski] Regulamin sklepu\";s:12:\"show_subject\";s:2:\"no\";s:6:\"widget\";i:0;s:14:\"block_template\";N;s:19:\"block_template_part\";N;s:2:\"id\";i:5171;s:18:\"submit_button_text\";s:6:\"Submit\";s:14:\"customThankyou\";s:0:\"\";s:21:\"customThankyouHeading\";s:26:\"Your message has been sent\";s:21:\"customThankyouMessage\";s:30:\"Thank you for your submission!\";s:22:\"customThankyouRedirect\";s:0:\"\";s:10:\"jetpackCRM\";b:1;s:9:\"className\";N;s:9:\"postToUrl\";N;s:14:\"salesforceData\";N;s:12:\"hiddenFields\";N;}"],"_edit_last":["1"],"site-container":["default"],"site-header-transparent":["default"],"site-page-header":["default"],"site-sidebar":["default"],"_eael_post_view_count":["282"]},"_links":{"self":[{"href":"https:\/\/gramywpolski.com\/index.php?rest_route=\/wp\/v2\/pages\/5171","targetHints":{"allow":["GET"]}}],"collection":[{"href":"https:\/\/gramywpolski.com\/index.php?rest_route=\/wp\/v2\/pages"}],"about":[{"href":"https:\/\/gramywpolski.com\/index.php?rest_route=\/wp\/v2\/types\/page"}],"author":[{"embeddable":true,"href":"https:\/\/gramywpolski.com\/index.php?rest_route=\/wp\/v2\/users\/1"}],"replies":[{"embeddable":true,"href":"https:\/\/gramywpolski.com\/index.php?rest_route=%2Fwp%2Fv2%2Fcomments&post=5171"}],"version-history":[{"count":1,"href":"https:\/\/gramywpolski.com\/index.php?rest_route=\/wp\/v2\/pages\/5171\/revisions"}],"predecessor-version":[{"id":5172,"href":"https:\/\/gramywpolski.com\/index.php?rest_route=\/wp\/v2\/pages\/5171\/revisions\/5172"}],"wp:attachment":[{"href":"https:\/\/gramywpolski.com\/index.php?rest_route=%2Fwp%2Fv2%2Fmedia&parent=5171"}],"curies":[{"name":"wp","href":"https:\/\/api.w.org\/{rel}","templated":true}]}}