{"id":5050,"date":"2025-01-25T15:31:09","date_gmt":"2025-01-25T14:31:09","guid":{"rendered":"https:\/\/gramywpolski.com\/?post_type=product&#038;p=5050"},"modified":"2025-03-13T23:15:33","modified_gmt":"2025-03-13T22:15:33","slug":"notatki-osmoklasisty-2025","status":"publish","type":"product","link":"https:\/\/gramywpolski.com\/?product=notatki-osmoklasisty-2025","title":{"rendered":"Notatki \u00f3smoklasisty 2025"},"content":{"rendered":"<p>Szukasz sprawdzonych materia\u0142\u00f3w do egzaminu \u00f3smoklasisty? Nasze notatki \u00f3smoklasisty 2025 to zestaw najwa\u017cniejszych informacji z j\u0119zyka polskiego, kt\u00f3ry pomo\u017ce Ci zda\u0107 egzamin z sukcesem. Znajdziesz tu om\u00f3wienia lektur i kluczowych poj\u0119\u0107 oraz wskaz\u00f3wki, jak efektywnie uczy\u0107 si\u0119 z nasz\u0105 pomoc\u0105. Ka\u017cdy temat zosta\u0142 opracowany w taki spos\u00f3b, aby pom\u00f3c Ci w szybkim opanowaniu najistotniejszych zagadnie\u0144.<\/p>\n","protected":false},"excerpt":{"rendered":"<p>Szukasz sprawdzonych materia\u0142\u00f3w do egzaminu \u00f3smoklasisty? Nasze notatki \u00f3smoklasisty 2025 to zestaw najwa\u017cniejszych informacji z j\u0119zyka polskiego, kt\u00f3ry pomo\u017ce Ci&#8230;<\/p>\n","protected":false},"featured_media":5180,"template":"","meta":[],"product_brand":[],"product_cat":[39],"product_tag":[],"class_list":{"0":"post-5050","1":"product","2":"type-product","3":"status-publish","4":"has-post-thumbnail","6":"product_cat-ebook","8":"first","9":"instock","10":"shipping-taxable","11":"product-type-simple"},"jetpack_sharing_enabled":true,"_links":{"self":[{"href":"https:\/\/gramywpolski.com\/index.php?rest_route=\/wp\/v2\/product\/5050","targetHints":{"allow":["GET"]}}],"collection":[{"href":"https:\/\/gramywpolski.com\/index.php?rest_route=\/wp\/v2\/product"}],"about":[{"href":"https:\/\/gramywpolski.com\/index.php?rest_route=\/wp\/v2\/types\/product"}],"wp:featuredmedia":[{"embeddable":true,"href":"https:\/\/gramywpolski.com\/index.php?rest_route=\/wp\/v2\/media\/5180"}],"wp:attachment":[{"href":"https:\/\/gramywpolski.com\/index.php?rest_route=%2Fwp%2Fv2%2Fmedia&parent=5050"}],"wp:term":[{"taxonomy":"product_brand","embeddable":true,"href":"https:\/\/gramywpolski.com\/index.php?rest_route=%2Fwp%2Fv2%2Fproduct_brand&post=5050"},{"taxonomy":"product_cat","embeddable":true,"href":"https:\/\/gramywpolski.com\/index.php?rest_route=%2Fwp%2Fv2%2Fproduct_cat&post=5050"},{"taxonomy":"product_tag","embeddable":true,"href":"https:\/\/gramywpolski.com\/index.php?rest_route=%2Fwp%2Fv2%2Fproduct_tag&post=5050"}],"curies":[{"name":"wp","href":"https:\/\/api.w.org\/{rel}","templated":true}]}}