{"id":5051,"date":"2025-01-25T15:31:47","date_gmt":"2025-01-25T14:31:47","guid":{"rendered":"https:\/\/gramywpolski.com\/?post_type=product&#038;p=5051"},"modified":"2025-03-13T23:14:54","modified_gmt":"2025-03-13T22:14:54","slug":"streszczenia-lektur-obowiazkowych-2","status":"publish","type":"product","link":"https:\/\/gramywpolski.com\/?product=streszczenia-lektur-obowiazkowych-2","title":{"rendered":"Streszczenia lektur obowi\u0105zkowych"},"content":{"rendered":"<p>Streszczenia lektur obowi\u0105zkowych to idealne rozwi\u0105zanie dla uczni\u00f3w, kt\u00f3rzy chc\u0105 szybko zapozna\u0107 si\u0119 z tre\u015bci\u0105 ka\u017cdej lektury. Zawieraj\u0105 one najwa\u017cniejsze w\u0105tki, charakterystyk\u0119 bohater\u00f3w oraz om\u00f3wienie kluczowych motyw\u00f3w. Niezb\u0119dne przed egzaminem lub sprawdzianem, nasze streszczenia pozwol\u0105 Ci zaoszcz\u0119dzi\u0107 czas i lepiej przygotowa\u0107 si\u0119 do matury, egzaminu \u00f3smoklasisty lub po prostu sprawdzianu czy kartk\u00f3wki.<\/p>\n","protected":false},"excerpt":{"rendered":"<p>Streszczenia lektur obowi\u0105zkowych to idealne rozwi\u0105zanie dla uczni\u00f3w, kt\u00f3rzy chc\u0105 szybko zapozna\u0107 si\u0119 z tre\u015bci\u0105 ka\u017cdej lektury. Zawieraj\u0105 one najwa\u017cniejsze&#8230;<\/p>\n","protected":false},"featured_media":5179,"template":"","meta":[],"product_brand":[],"product_cat":[39],"product_tag":[],"class_list":{"0":"post-5051","1":"product","2":"type-product","3":"status-publish","4":"has-post-thumbnail","6":"product_cat-ebook","8":"first","9":"instock","10":"shipping-taxable","11":"product-type-simple"},"jetpack_sharing_enabled":true,"_links":{"self":[{"href":"https:\/\/gramywpolski.com\/index.php?rest_route=\/wp\/v2\/product\/5051","targetHints":{"allow":["GET"]}}],"collection":[{"href":"https:\/\/gramywpolski.com\/index.php?rest_route=\/wp\/v2\/product"}],"about":[{"href":"https:\/\/gramywpolski.com\/index.php?rest_route=\/wp\/v2\/types\/product"}],"wp:featuredmedia":[{"embeddable":true,"href":"https:\/\/gramywpolski.com\/index.php?rest_route=\/wp\/v2\/media\/5179"}],"wp:attachment":[{"href":"https:\/\/gramywpolski.com\/index.php?rest_route=%2Fwp%2Fv2%2Fmedia&parent=5051"}],"wp:term":[{"taxonomy":"product_brand","embeddable":true,"href":"https:\/\/gramywpolski.com\/index.php?rest_route=%2Fwp%2Fv2%2Fproduct_brand&post=5051"},{"taxonomy":"product_cat","embeddable":true,"href":"https:\/\/gramywpolski.com\/index.php?rest_route=%2Fwp%2Fv2%2Fproduct_cat&post=5051"},{"taxonomy":"product_tag","embeddable":true,"href":"https:\/\/gramywpolski.com\/index.php?rest_route=%2Fwp%2Fv2%2Fproduct_tag&post=5051"}],"curies":[{"name":"wp","href":"https:\/\/api.w.org\/{rel}","templated":true}]}}