{"id":5053,"date":"2025-01-25T15:34:20","date_gmt":"2025-01-25T14:34:20","guid":{"rendered":"https:\/\/gramywpolski.com\/?post_type=product&#038;p=5053"},"modified":"2025-03-13T23:14:20","modified_gmt":"2025-03-13T22:14:20","slug":"pytania-jawne-matura-ustna-2025","status":"publish","type":"product","link":"https:\/\/gramywpolski.com\/?product=pytania-jawne-matura-ustna-2025","title":{"rendered":"Pytania jawne \u2013 matura ustna 2025"},"content":{"rendered":"<p>Przygotuj si\u0119 na matur\u0119 ustn\u0105 z naszym zestawem pyta\u0144 jawnych 2025! Znajdziesz tu opracowane odpowiedzi na pytania, kt\u00f3re mog\u0105 pojawi\u0107 si\u0119 podczas egzaminu. Ka\u017cda odpowied\u017a zawiera konkretne przyk\u0142ady i analizy literackie, kt\u00f3re pomog\u0105 Ci pewnie zaprezentowa\u0107 swoje umiej\u0119tno\u015bci. To niezb\u0119dnik ka\u017cdego maturzysty, kt\u00f3ry chce czu\u0107 si\u0119 pewnie przed komisj\u0105 egzaminacyjn\u0105.<\/p>\n","protected":false},"excerpt":{"rendered":"<p>Przygotuj si\u0119 na matur\u0119 ustn\u0105 z naszym zestawem pyta\u0144 jawnych 2025! Znajdziesz tu opracowane odpowiedzi na pytania, kt\u00f3re mog\u0105 pojawi\u0107&#8230;<\/p>\n","protected":false},"featured_media":5178,"template":"","meta":[],"product_brand":[],"product_cat":[39],"product_tag":[],"class_list":{"0":"post-5053","1":"product","2":"type-product","3":"status-publish","4":"has-post-thumbnail","6":"product_cat-ebook","8":"first","9":"instock","10":"shipping-taxable","11":"product-type-simple"},"jetpack_sharing_enabled":true,"_links":{"self":[{"href":"https:\/\/gramywpolski.com\/index.php?rest_route=\/wp\/v2\/product\/5053","targetHints":{"allow":["GET"]}}],"collection":[{"href":"https:\/\/gramywpolski.com\/index.php?rest_route=\/wp\/v2\/product"}],"about":[{"href":"https:\/\/gramywpolski.com\/index.php?rest_route=\/wp\/v2\/types\/product"}],"wp:featuredmedia":[{"embeddable":true,"href":"https:\/\/gramywpolski.com\/index.php?rest_route=\/wp\/v2\/media\/5178"}],"wp:attachment":[{"href":"https:\/\/gramywpolski.com\/index.php?rest_route=%2Fwp%2Fv2%2Fmedia&parent=5053"}],"wp:term":[{"taxonomy":"product_brand","embeddable":true,"href":"https:\/\/gramywpolski.com\/index.php?rest_route=%2Fwp%2Fv2%2Fproduct_brand&post=5053"},{"taxonomy":"product_cat","embeddable":true,"href":"https:\/\/gramywpolski.com\/index.php?rest_route=%2Fwp%2Fv2%2Fproduct_cat&post=5053"},{"taxonomy":"product_tag","embeddable":true,"href":"https:\/\/gramywpolski.com\/index.php?rest_route=%2Fwp%2Fv2%2Fproduct_tag&post=5053"}],"curies":[{"name":"wp","href":"https:\/\/api.w.org\/{rel}","templated":true}]}}